{"id":143,"date":"2018-07-16T11:04:50","date_gmt":"2018-07-16T11:04:50","guid":{"rendered":"http:\/\/demo.acmethemes.com\/lawyer-zone\/?page_id=143"},"modified":"2021-12-22T16:35:32","modified_gmt":"2021-12-22T13:35:32","slug":"about-us","status":"publish","type":"page","link":"https:\/\/ozcelikcelik.com\/en\/about-us","title":{"rendered":"About us"},"content":{"rendered":"<div id=\"pl-143\"  class=\"panel-layout\" ><div id=\"pg-143-0\"  class=\"panel-grid panel-no-style\" ><div id=\"pgc-143-0-0\"  class=\"panel-grid-cell\" ><div id=\"panel-143-0-0-0\" class=\"so-panel widget widget_sow-editor panel-first-child panel-last-child\" data-index=\"0\" ><div\n\t\t\t\n\t\t\tclass=\"so-widget-sow-editor so-widget-sow-editor-base\"\n\t\t\t\n\t\t>\n<div class=\"siteorigin-widget-tinymce textwidget\">\n\t<p><img loading=\"lazy\" decoding=\"async\" class=\"alignnone size-full wp-image-550\" src=\"https:\/\/ozcelikcelik.com\/en\/wp-content\/uploads\/2021\/04\/yangin-kapisi-hakkinda.jpg\" alt=\"\" width=\"848\" height=\"1214\" srcset=\"https:\/\/ozcelikcelik.com\/en\/wp-content\/uploads\/2021\/04\/yangin-kapisi-hakkinda.jpg 848w, https:\/\/ozcelikcelik.com\/en\/wp-content\/uploads\/2021\/04\/yangin-kapisi-hakkinda-210x300.jpg 210w, https:\/\/ozcelikcelik.com\/en\/wp-content\/uploads\/2021\/04\/yangin-kapisi-hakkinda-715x1024.jpg 715w, https:\/\/ozcelikcelik.com\/en\/wp-content\/uploads\/2021\/04\/yangin-kapisi-hakkinda-768x1099.jpg 768w\" sizes=\"auto, (max-width: 848px) 100vw, 848px\" \/><\/p>\n<\/div>\n<\/div><\/div><\/div><div id=\"pgc-143-0-1\"  class=\"panel-grid-cell\" ><div id=\"panel-143-0-1-0\" class=\"so-panel widget widget_sow-editor panel-first-child panel-last-child\" data-index=\"1\" ><div\n\t\t\t\n\t\t\tclass=\"so-widget-sow-editor so-widget-sow-editor-base\"\n\t\t\t\n\t\t>\n<div class=\"siteorigin-widget-tinymce textwidget\">\n\t<h3>CMD Metal olarak <b title=\"Yang\u0131n Kap\u0131s\u0131\">Yang\u0131n Kap\u0131s\u0131<\/b>\u00a0\u00fcretim ve montaj\u0131n\u0131 yapmaktay\u0131z.Firmam\u0131z T\u00fcrkiyede CE ve TSE belgeli \u00fcretim yapabilen ender firmalar aras\u0131ndad\u0131r,\u00a0Sertifikalar\u0131m\u0131za buradan\u00a0ula\u015fabilirsiniz.Bir \u00e7ok kurum ve kurulu\u015fun\u00a0<b title=\"Yang\u0131n Kap\u0131s\u0131\">Yang\u0131n Kap\u0131s\u0131<\/b>\u00a0ihtiyac\u0131na \u00e7\u00f6z\u00fcm orta\u011f\u0131 olduk\u00a0Referanslar\u0131m\u0131za buradan\u00a0ula\u015fabilirsiniz.Firma politikas\u0131 olarak her zaman m\u00fc\u015fteri memnuniyeti odakl\u0131 \u00e7al\u0131\u015fmaktay\u0131z, biliyoruzki en b\u00fcy\u00fck yat\u0131r\u0131r\u0131m\u0131z siz de\u011ferli m\u00fc\u015fterilerimizin memnuniyeti olacakt\u0131r.<b title=\"Yang\u0131n Kap\u0131s\u0131\">Yang\u0131n Kap\u0131s\u0131<\/b>\u00a0\u00f6zellikleri ve \u0131s\u0131ya dayan\u0131kl\u0131l\u0131\u011f\u0131 bak\u0131m\u0131ndan farkl\u0131l\u0131k g\u00f6stermektedir.Yang\u0131n kap\u0131lar\u0131 60 dakika \u0131s\u0131ya dayankl\u0131 - 90 dakika \u0131s\u0131ya dayan\u0131kl\u0131 - 120 dakika \u0131s\u0131ya dayan\u0131kl\u0131 olarak \u00fcretilmektedir.Uzman kadromuz ve kaliteli ekipmanlar\u0131m\u0131zla siz m\u00fc\u015fterilerimizin\u00a0<b title=\"Yang\u0131n Kap\u0131s\u0131\">Yang\u0131n Kap\u0131s\u0131<\/b>\u00a0ihtiya\u00e7lar\u0131n\u0131zda yard\u0131mc\u0131 olmaktan mutluluk duyar\u0131z.<\/h3>\n<h2 title=\"Yang\u0131n Kap\u0131s\u0131\">Yang\u0131n Kap\u0131s\u0131<\/h2>\n<h3>\u00dcretim a\u015famas\u0131ndan teknik \u015fartnameye uygun olarak haz\u0131rlanmak zorundad\u0131r, i\u015fte bu y\u00fczden \u00e7al\u0131\u015faca\u011f\u0131n\u0131z\u00a0<b title=\"Yang\u0131n Kap\u0131s\u0131\">Yang\u0131n Kap\u0131s\u0131<\/b> firmas\u0131n\u0131n CE Belgesini, TSE Belgesini ve Kapasite raporunu istemeyi unutmay\u0131n\u0131z.\u00c7\u00fcnk\u00fc bu size hem zamandan hemde kaliteden fayda sa\u011flayacakt\u0131r. CMD Metal olarak her zaman hedefimiz faaliyet g\u00f6sterdi\u011fimiz alanlarda ilklere imza atmak olacakt\u0131r.<\/h3>\n<\/div>\n<\/div><\/div><\/div><\/div><div id=\"pg-143-1\"  class=\"panel-grid panel-no-style\" ><div id=\"pgc-143-1-0\"  class=\"panel-grid-cell\" ><div id=\"panel-143-1-0-0\" class=\"so-panel widget widget_lawyer_zone_gallery panel-first-child panel-last-child\" data-index=\"2\" >            <section id=\"lawyer_zone_gallery-2\" class=\"at-widgets acme-gallery\">\r\n                <div class=\"full-width-container\">\r\n                                            <div class=\"row fullwidth-row\">\r\n                                                                <div class=\"at-gallery-item  col-sm-4 col-md-4\">\r\n                                        <div class=\"gallery-inner-item init-animate zoomIn\">\r\n                                            <div class=\"at-bottom-lower\">\r\n                                                <h3>\r\n\t                                                <a href=\"https:\/\/ozcelikcelik.com\/en\/products\/camli-yangin-kapilari\" class=\"all-link\">Caml\u0131 Yang\u0131n Kap\u0131lar\u0131<\/a>                                                <\/h3>\r\n                                                                                                    <a class=\"image-gallery-widget\" href=\"https:\/\/ozcelikcelik.com\/en\/wp-content\/uploads\/2021\/12\/camli-yangin-kapisi-ana-resim.jpg\">\r\n                                                        <i class=\"fa fa-search gallery-button primary-bg\"><\/i>\r\n                                                    <\/a>\r\n\t                                                                                            <\/div>\r\n                                            <div class=\"at-gallery-hover\"><\/div>\r\n\t                                        <a href=\"https:\/\/ozcelikcelik.com\/en\/products\/camli-yangin-kapilari\" class=\"all-link\">                                            <img decoding=\"async\" src=\"https:\/\/ozcelikcelik.com\/en\/wp-content\/uploads\/2021\/12\/camli-yangin-kapisi-ana-resim-1024x683.jpg\" alt=\"Caml\u0131 Yang\u0131n Kap\u0131lar\u0131\" title=\"Caml\u0131 Yang\u0131n Kap\u0131lar\u0131\" \/>\r\n                                            <\/a>                                        <\/div>\r\n                                    <\/div>\r\n                                                                        <div class=\"at-gallery-item  col-sm-4 col-md-4\">\r\n                                        <div class=\"gallery-inner-item init-animate zoomIn\">\r\n                                            <div class=\"at-bottom-lower\">\r\n                                                <h3>\r\n\t                                                <a href=\"https:\/\/ozcelikcelik.com\/en\/products\/cift-kanat-yangin-kapilari\" class=\"all-link\">\u00c7ift Kanat Yang\u0131n Kap\u0131lar\u0131<\/a>                                                <\/h3>\r\n                                                                                                    <a class=\"image-gallery-widget\" href=\"https:\/\/ozcelikcelik.com\/en\/wp-content\/uploads\/2021\/12\/cift-kanat-yangin-kapisi.jpg\">\r\n                                                        <i class=\"fa fa-search gallery-button primary-bg\"><\/i>\r\n                                                    <\/a>\r\n\t                                                                                            <\/div>\r\n                                            <div class=\"at-gallery-hover\"><\/div>\r\n\t                                        <a href=\"https:\/\/ozcelikcelik.com\/en\/products\/cift-kanat-yangin-kapilari\" class=\"all-link\">                                            <img decoding=\"async\" src=\"https:\/\/ozcelikcelik.com\/en\/wp-content\/uploads\/2021\/12\/cift-kanat-yangin-kapisi-1024x683.jpg\" alt=\"\u00c7ift Kanat Yang\u0131n Kap\u0131lar\u0131\" title=\"\u00c7ift Kanat Yang\u0131n Kap\u0131lar\u0131\" \/>\r\n                                            <\/a>                                        <\/div>\r\n                                    <\/div>\r\n                                                                        <div class=\"at-gallery-item  col-sm-4 col-md-4\">\r\n                                        <div class=\"gallery-inner-item init-animate zoomIn\">\r\n                                            <div class=\"at-bottom-lower\">\r\n                                                <h3>\r\n\t                                                <a href=\"https:\/\/ozcelikcelik.com\/en\/products\/menefezli-yangin-kapilari\" class=\"all-link\">Menefezli Yang\u0131n Kap\u0131lar\u0131<\/a>                                                <\/h3>\r\n                                                                                                    <a class=\"image-gallery-widget\" href=\"https:\/\/ozcelikcelik.com\/en\/wp-content\/uploads\/2021\/12\/menfezli-yangin-kapisi-2.jpg\">\r\n                                                        <i class=\"fa fa-search gallery-button primary-bg\"><\/i>\r\n                                                    <\/a>\r\n\t                                                                                            <\/div>\r\n                                            <div class=\"at-gallery-hover\"><\/div>\r\n\t                                        <a href=\"https:\/\/ozcelikcelik.com\/en\/products\/menefezli-yangin-kapilari\" class=\"all-link\">                                            <img decoding=\"async\" src=\"https:\/\/ozcelikcelik.com\/en\/wp-content\/uploads\/2021\/12\/menfezli-yangin-kapisi-2-1024x683.jpg\" alt=\"Menefezli Yang\u0131n Kap\u0131lar\u0131\" title=\"Menefezli Yang\u0131n Kap\u0131lar\u0131\" \/>\r\n                                            <\/a>                                        <\/div>\r\n                                    <\/div>\r\n                                                                        <div class=\"at-gallery-item  col-sm-4 col-md-4\">\r\n                                        <div class=\"gallery-inner-item init-animate zoomIn\">\r\n                                            <div class=\"at-bottom-lower\">\r\n                                                <h3>\r\n\t                                                <a href=\"https:\/\/ozcelikcelik.com\/en\/products\/panik-barlar\" class=\"all-link\">Panik Barlar<\/a>                                                <\/h3>\r\n                                                                                                    <a class=\"image-gallery-widget\" href=\"https:\/\/ozcelikcelik.com\/en\/wp-content\/uploads\/2021\/04\/panik-barlar-1.jpg\">\r\n                                                        <i class=\"fa fa-search gallery-button primary-bg\"><\/i>\r\n                                                    <\/a>\r\n\t                                                                                            <\/div>\r\n                                            <div class=\"at-gallery-hover\"><\/div>\r\n\t                                        <a href=\"https:\/\/ozcelikcelik.com\/en\/products\/panik-barlar\" class=\"all-link\">                                            <img decoding=\"async\" src=\"https:\/\/ozcelikcelik.com\/en\/wp-content\/uploads\/2021\/04\/panik-barlar-1-1024x683.jpg\" alt=\"Panik Barlar\" title=\"Panik Barlar\" \/>\r\n                                            <\/a>                                        <\/div>\r\n                                    <\/div>\r\n                                                                        <div class=\"at-gallery-item  col-sm-4 col-md-4\">\r\n                                        <div class=\"gallery-inner-item init-animate zoomIn\">\r\n                                            <div class=\"at-bottom-lower\">\r\n                                                <h3>\r\n\t                                                <a href=\"https:\/\/ozcelikcelik.com\/en\/products\/saft-kapagi\" class=\"all-link\">\u015eaft Kapa\u011f\u0131<\/a>                                                <\/h3>\r\n                                                                                                    <a class=\"image-gallery-widget\" href=\"https:\/\/ozcelikcelik.com\/en\/wp-content\/uploads\/2021\/04\/saft-kapagi.jpg\">\r\n                                                        <i class=\"fa fa-search gallery-button primary-bg\"><\/i>\r\n                                                    <\/a>\r\n\t                                                                                            <\/div>\r\n                                            <div class=\"at-gallery-hover\"><\/div>\r\n\t                                        <a href=\"https:\/\/ozcelikcelik.com\/en\/products\/saft-kapagi\" class=\"all-link\">                                            <img decoding=\"async\" src=\"https:\/\/ozcelikcelik.com\/en\/wp-content\/uploads\/2021\/04\/saft-kapagi-1024x683.jpg\" alt=\"\u015eaft Kapa\u011f\u0131\" title=\"\u015eaft Kapa\u011f\u0131\" \/>\r\n                                            <\/a>                                        <\/div>\r\n                                    <\/div>\r\n                                                                        <div class=\"at-gallery-item  col-sm-4 col-md-4\">\r\n                                        <div class=\"gallery-inner-item init-animate zoomIn\">\r\n                                            <div class=\"at-bottom-lower\">\r\n                                                <h3>\r\n\t                                                <a href=\"https:\/\/ozcelikcelik.com\/en\/products\/yangin-kapilari\" class=\"all-link\">Yang\u0131n Kap\u0131lar\u0131<\/a>                                                <\/h3>\r\n                                                                                                    <a class=\"image-gallery-widget\" href=\"https:\/\/ozcelikcelik.com\/en\/wp-content\/uploads\/2021\/04\/yangin-kapisi-b.jpg\">\r\n                                                        <i class=\"fa fa-search gallery-button primary-bg\"><\/i>\r\n                                                    <\/a>\r\n\t                                                                                            <\/div>\r\n                                            <div class=\"at-gallery-hover\"><\/div>\r\n\t                                        <a href=\"https:\/\/ozcelikcelik.com\/en\/products\/yangin-kapilari\" class=\"all-link\">                                            <img decoding=\"async\" src=\"https:\/\/ozcelikcelik.com\/en\/wp-content\/uploads\/2021\/04\/yangin-kapisi-b-1024x683.jpg\" alt=\"Yang\u0131n Kap\u0131lar\u0131\" title=\"Yang\u0131n Kap\u0131lar\u0131\" \/>\r\n                                            <\/a>                                        <\/div>\r\n                                    <\/div>\r\n                                                            <\/div><!--row-->\r\n\t                                    <\/div>\r\n            <\/section>\r\n            <\/div><\/div><\/div><div id=\"pg-143-2\"  class=\"panel-grid panel-no-style\" ><div id=\"pgc-143-2-0\"  class=\"panel-grid-cell\" ><div id=\"panel-143-2-0-0\" class=\"so-panel widget widget_sow-editor panel-first-child panel-last-child\" data-index=\"3\" ><div\n\t\t\t\n\t\t\tclass=\"so-widget-sow-editor so-widget-sow-editor-base\"\n\t\t\t\n\t\t>\n<div class=\"siteorigin-widget-tinymce textwidget\">\n\t<p>BELGELER\u0130M\u0130Z<\/p>\n<div id='gallery-1' class='gallery galleryid-48 gallery-columns-6 gallery-size-large'><figure class='gallery-item'>\n\t\t\t<div class='gallery-icon portrait'>\n\t\t\t\t<a href='https:\/\/ozcelikcelik.com\/en\/certificates\/belgelerimiiz-6'><img loading=\"lazy\" decoding=\"async\" width=\"640\" height=\"890\" src=\"https:\/\/ozcelikcelik.com\/en\/wp-content\/uploads\/2021\/04\/belgelerimiiz-6-736x1024.jpg\" class=\"attachment-large size-large\" alt=\"\" srcset=\"https:\/\/ozcelikcelik.com\/en\/wp-content\/uploads\/2021\/04\/belgelerimiiz-6-736x1024.jpg 736w, https:\/\/ozcelikcelik.com\/en\/wp-content\/uploads\/2021\/04\/belgelerimiiz-6-216x300.jpg 216w, https:\/\/ozcelikcelik.com\/en\/wp-content\/uploads\/2021\/04\/belgelerimiiz-6-768x1069.jpg 768w, https:\/\/ozcelikcelik.com\/en\/wp-content\/uploads\/2021\/04\/belgelerimiiz-6-1104x1536.jpg 1104w, https:\/\/ozcelikcelik.com\/en\/wp-content\/uploads\/2021\/04\/belgelerimiiz-6.jpg 1150w\" sizes=\"auto, (max-width: 640px) 100vw, 640px\" \/><\/a>\n\t\t\t<\/div><\/figure><figure class='gallery-item'>\n\t\t\t<div class='gallery-icon portrait'>\n\t\t\t\t<a href='https:\/\/ozcelikcelik.com\/en\/certificates\/belgelerimiiz-4'><img loading=\"lazy\" decoding=\"async\" width=\"640\" height=\"890\" src=\"https:\/\/ozcelikcelik.com\/en\/wp-content\/uploads\/2021\/04\/belgelerimiiz-4-736x1024.jpg\" class=\"attachment-large size-large\" alt=\"\" srcset=\"https:\/\/ozcelikcelik.com\/en\/wp-content\/uploads\/2021\/04\/belgelerimiiz-4-736x1024.jpg 736w, https:\/\/ozcelikcelik.com\/en\/wp-content\/uploads\/2021\/04\/belgelerimiiz-4-216x300.jpg 216w, https:\/\/ozcelikcelik.com\/en\/wp-content\/uploads\/2021\/04\/belgelerimiiz-4-768x1069.jpg 768w, https:\/\/ozcelikcelik.com\/en\/wp-content\/uploads\/2021\/04\/belgelerimiiz-4-1104x1536.jpg 1104w, https:\/\/ozcelikcelik.com\/en\/wp-content\/uploads\/2021\/04\/belgelerimiiz-4.jpg 1150w\" sizes=\"auto, (max-width: 640px) 100vw, 640px\" \/><\/a>\n\t\t\t<\/div><\/figure><figure class='gallery-item'>\n\t\t\t<div class='gallery-icon portrait'>\n\t\t\t\t<a href='https:\/\/ozcelikcelik.com\/en\/certificates\/belgelerimiiz-5'><img loading=\"lazy\" decoding=\"async\" width=\"640\" height=\"890\" src=\"https:\/\/ozcelikcelik.com\/en\/wp-content\/uploads\/2021\/04\/belgelerimiiz-5-736x1024.jpg\" class=\"attachment-large size-large\" alt=\"\" srcset=\"https:\/\/ozcelikcelik.com\/en\/wp-content\/uploads\/2021\/04\/belgelerimiiz-5-736x1024.jpg 736w, https:\/\/ozcelikcelik.com\/en\/wp-content\/uploads\/2021\/04\/belgelerimiiz-5-216x300.jpg 216w, https:\/\/ozcelikcelik.com\/en\/wp-content\/uploads\/2021\/04\/belgelerimiiz-5-768x1069.jpg 768w, https:\/\/ozcelikcelik.com\/en\/wp-content\/uploads\/2021\/04\/belgelerimiiz-5-1104x1536.jpg 1104w, https:\/\/ozcelikcelik.com\/en\/wp-content\/uploads\/2021\/04\/belgelerimiiz-5.jpg 1150w\" sizes=\"auto, (max-width: 640px) 100vw, 640px\" \/><\/a>\n\t\t\t<\/div><\/figure><figure class='gallery-item'>\n\t\t\t<div class='gallery-icon portrait'>\n\t\t\t\t<a href='https:\/\/ozcelikcelik.com\/en\/certificates\/belgelerimiiz-1'><img loading=\"lazy\" decoding=\"async\" width=\"640\" height=\"890\" src=\"https:\/\/ozcelikcelik.com\/en\/wp-content\/uploads\/2021\/04\/belgelerimiiz-1-736x1024.jpg\" class=\"attachment-large size-large\" alt=\"\" srcset=\"https:\/\/ozcelikcelik.com\/en\/wp-content\/uploads\/2021\/04\/belgelerimiiz-1-736x1024.jpg 736w, https:\/\/ozcelikcelik.com\/en\/wp-content\/uploads\/2021\/04\/belgelerimiiz-1-216x300.jpg 216w, https:\/\/ozcelikcelik.com\/en\/wp-content\/uploads\/2021\/04\/belgelerimiiz-1-768x1069.jpg 768w, https:\/\/ozcelikcelik.com\/en\/wp-content\/uploads\/2021\/04\/belgelerimiiz-1-1104x1536.jpg 1104w, https:\/\/ozcelikcelik.com\/en\/wp-content\/uploads\/2021\/04\/belgelerimiiz-1.jpg 1150w\" sizes=\"auto, (max-width: 640px) 100vw, 640px\" \/><\/a>\n\t\t\t<\/div><\/figure><figure class='gallery-item'>\n\t\t\t<div class='gallery-icon portrait'>\n\t\t\t\t<a href='https:\/\/ozcelikcelik.com\/en\/certificates\/belgelerimiiz-2'><img loading=\"lazy\" decoding=\"async\" width=\"640\" height=\"890\" src=\"https:\/\/ozcelikcelik.com\/en\/wp-content\/uploads\/2021\/04\/belgelerimiiz-2-736x1024.jpg\" class=\"attachment-large size-large\" alt=\"\" srcset=\"https:\/\/ozcelikcelik.com\/en\/wp-content\/uploads\/2021\/04\/belgelerimiiz-2-736x1024.jpg 736w, https:\/\/ozcelikcelik.com\/en\/wp-content\/uploads\/2021\/04\/belgelerimiiz-2-216x300.jpg 216w, https:\/\/ozcelikcelik.com\/en\/wp-content\/uploads\/2021\/04\/belgelerimiiz-2-768x1069.jpg 768w, https:\/\/ozcelikcelik.com\/en\/wp-content\/uploads\/2021\/04\/belgelerimiiz-2-1104x1536.jpg 1104w, https:\/\/ozcelikcelik.com\/en\/wp-content\/uploads\/2021\/04\/belgelerimiiz-2.jpg 1150w\" sizes=\"auto, (max-width: 640px) 100vw, 640px\" \/><\/a>\n\t\t\t<\/div><\/figure><figure class='gallery-item'>\n\t\t\t<div class='gallery-icon portrait'>\n\t\t\t\t<a href='https:\/\/ozcelikcelik.com\/en\/certificates\/belgelerimiiz-3'><img loading=\"lazy\" decoding=\"async\" width=\"640\" height=\"890\" src=\"https:\/\/ozcelikcelik.com\/en\/wp-content\/uploads\/2021\/04\/belgelerimiiz-3-736x1024.jpg\" class=\"attachment-large size-large\" alt=\"\" srcset=\"https:\/\/ozcelikcelik.com\/en\/wp-content\/uploads\/2021\/04\/belgelerimiiz-3-736x1024.jpg 736w, https:\/\/ozcelikcelik.com\/en\/wp-content\/uploads\/2021\/04\/belgelerimiiz-3-216x300.jpg 216w, https:\/\/ozcelikcelik.com\/en\/wp-content\/uploads\/2021\/04\/belgelerimiiz-3-768x1069.jpg 768w, https:\/\/ozcelikcelik.com\/en\/wp-content\/uploads\/2021\/04\/belgelerimiiz-3-1104x1536.jpg 1104w, https:\/\/ozcelikcelik.com\/en\/wp-content\/uploads\/2021\/04\/belgelerimiiz-3.jpg 1150w\" sizes=\"auto, (max-width: 640px) 100vw, 640px\" \/><\/a>\n\t\t\t<\/div><\/figure>\n\t\t<\/div>\n\n<\/div>\n<\/div><\/div><\/div><\/div><\/div>","protected":false},"excerpt":{"rendered":"<p>CMD Metal olarak Yang\u0131n Kap\u0131s\u0131\u00a0\u00fcretim ve montaj\u0131n\u0131 yapmaktay\u0131z.Firmam\u0131z T\u00fcrkiyede CE ve TSE belgeli \u00fcretim yapabilen ender firmalar aras\u0131ndad\u0131r,\u00a0Sertifikalar\u0131m\u0131za buradan\u00a0ula\u015fabilirsiniz.Bir \u00e7ok kurum ve kurulu\u015fun\u00a0Yang\u0131n Kap\u0131s\u0131\u00a0ihtiyac\u0131na \u00e7\u00f6z\u00fcm orta\u011f\u0131 olduk\u00a0Referanslar\u0131m\u0131za buradan\u00a0ula\u015fabilirsiniz.Firma politikas\u0131 olarak her zaman m\u00fc\u015fteri memnuniyeti odakl\u0131 \u00e7al\u0131\u015fmaktay\u0131z, biliyoruzki en b\u00fcy\u00fck yat\u0131r\u0131r\u0131m\u0131z siz de\u011ferli m\u00fc\u015fterilerimizin memnuniyeti olacakt\u0131r.Yang\u0131n Kap\u0131s\u0131\u00a0\u00f6zellikleri ve \u0131s\u0131ya dayan\u0131kl\u0131l\u0131\u011f\u0131 bak\u0131m\u0131ndan farkl\u0131l\u0131k g\u00f6stermektedir.Yang\u0131n kap\u0131lar\u0131 60 dakika [&hellip;]<\/p>\n","protected":false},"author":1,"featured_media":0,"parent":0,"menu_order":0,"comment_status":"closed","ping_status":"closed","template":"","meta":{"footnotes":""},"class_list":["post-143","page","type-page","status-publish","hentry"],"_links":{"self":[{"href":"https:\/\/ozcelikcelik.com\/en\/wp-json\/wp\/v2\/pages\/143","targetHints":{"allow":["GET"]}}],"collection":[{"href":"https:\/\/ozcelikcelik.com\/en\/wp-json\/wp\/v2\/pages"}],"about":[{"href":"https:\/\/ozcelikcelik.com\/en\/wp-json\/wp\/v2\/types\/page"}],"author":[{"embeddable":true,"href":"https:\/\/ozcelikcelik.com\/en\/wp-json\/wp\/v2\/users\/1"}],"replies":[{"embeddable":true,"href":"https:\/\/ozcelikcelik.com\/en\/wp-json\/wp\/v2\/comments?post=143"}],"version-history":[{"count":10,"href":"https:\/\/ozcelikcelik.com\/en\/wp-json\/wp\/v2\/pages\/143\/revisions"}],"predecessor-version":[{"id":683,"href":"https:\/\/ozcelikcelik.com\/en\/wp-json\/wp\/v2\/pages\/143\/revisions\/683"}],"wp:attachment":[{"href":"https:\/\/ozcelikcelik.com\/en\/wp-json\/wp\/v2\/media?parent=143"}],"curies":[{"name":"wp","href":"https:\/\/api.w.org\/{rel}","templated":true}]}}