{"id":162,"date":"2018-07-16T11:18:07","date_gmt":"2018-07-16T08:18:07","guid":{"rendered":"http:\/\/demo.acmethemes.com\/lawyer-zone\/?page_id=162"},"modified":"2021-12-17T14:39:23","modified_gmt":"2021-12-17T11:39:23","slug":"accessories","status":"publish","type":"page","link":"https:\/\/ozcelikcelik.com\/en\/accessories","title":{"rendered":"Accessories"},"content":{"rendered":"<div id=\"pl-162\"  class=\"panel-layout\" ><div id=\"pg-162-0\"  class=\"panel-grid panel-no-style\" ><div id=\"pgc-162-0-0\"  class=\"panel-grid-cell\" ><div id=\"panel-162-0-0-0\" class=\"so-panel widget widget_lawyer_zone_gallery panel-first-child panel-last-child\" data-index=\"0\" >            <section id=\"lawyer_zone_gallery-2\" class=\"at-widgets acme-gallery\">\r\n                <div class=\"full-width-container\">\r\n                                            <div class=\"row fullwidth-row\">\r\n                                                                <div class=\"at-gallery-item  col-sm-3 col-md-3\">\r\n                                        <div class=\"gallery-inner-item init-animate zoomIn\">\r\n                                            <div class=\"at-bottom-lower\">\r\n                                                <h3>\r\n\t                                                <a href=\"https:\/\/ozcelikcelik.com\/en\/accessories\/giyotin\" class=\"all-link\">Giyotin<\/a>                                                <\/h3>\r\n                                                                                                    <a class=\"image-gallery-widget\" href=\"https:\/\/ozcelikcelik.com\/en\/wp-content\/uploads\/2019\/07\/giyotin-b-1.jpg\">\r\n                                                        <i class=\"fa fa-search gallery-button primary-bg\"><\/i>\r\n                                                    <\/a>\r\n\t                                                                                            <\/div>\r\n                                            <div class=\"at-gallery-hover\"><\/div>\r\n\t                                        <a href=\"https:\/\/ozcelikcelik.com\/en\/accessories\/giyotin\" class=\"all-link\">                                            <img decoding=\"async\" src=\"https:\/\/ozcelikcelik.com\/en\/wp-content\/uploads\/2019\/07\/giyotin-b-1-1024x683.jpg\" alt=\"Giyotin\" title=\"Giyotin\" \/>\r\n                                            <\/a>                                        <\/div>\r\n                                    <\/div>\r\n                                                                        <div class=\"at-gallery-item  col-sm-3 col-md-3\">\r\n                                        <div class=\"gallery-inner-item init-animate zoomIn\">\r\n                                            <div class=\"at-bottom-lower\">\r\n                                                <h3>\r\n\t                                                <a href=\"https:\/\/ozcelikcelik.com\/en\/accessories\/hidrolik\" class=\"all-link\">Hidrolik<\/a>                                                <\/h3>\r\n                                                                                                    <a class=\"image-gallery-widget\" href=\"https:\/\/ozcelikcelik.com\/en\/wp-content\/uploads\/2019\/07\/hidrolik-dirsekli-1.jpg\">\r\n                                                        <i class=\"fa fa-search gallery-button primary-bg\"><\/i>\r\n                                                    <\/a>\r\n\t                                                                                            <\/div>\r\n                                            <div class=\"at-gallery-hover\"><\/div>\r\n\t                                        <a href=\"https:\/\/ozcelikcelik.com\/en\/accessories\/hidrolik\" class=\"all-link\">                                            <img decoding=\"async\" src=\"https:\/\/ozcelikcelik.com\/en\/wp-content\/uploads\/2019\/07\/hidrolik-dirsekli-1-1024x683.jpg\" alt=\"Hidrolik\" title=\"Hidrolik\" \/>\r\n                                            <\/a>                                        <\/div>\r\n                                    <\/div>\r\n                                                                        <div class=\"at-gallery-item  col-sm-3 col-md-3\">\r\n                                        <div class=\"gallery-inner-item init-animate zoomIn\">\r\n                                            <div class=\"at-bottom-lower\">\r\n                                                <h3>\r\n\t                                                <a href=\"https:\/\/ozcelikcelik.com\/en\/accessories\/yangin-kapisi-kollari\" class=\"all-link\">Yang\u0131n Kap\u0131s\u0131 Kollar\u0131<\/a>                                                <\/h3>\r\n                                                                                                    <a class=\"image-gallery-widget\" href=\"https:\/\/ozcelikcelik.com\/en\/wp-content\/uploads\/2019\/07\/yangin-kapisi-kolu-1.jpg\">\r\n                                                        <i class=\"fa fa-search gallery-button primary-bg\"><\/i>\r\n                                                    <\/a>\r\n\t                                                                                            <\/div>\r\n                                            <div class=\"at-gallery-hover\"><\/div>\r\n\t                                        <a href=\"https:\/\/ozcelikcelik.com\/en\/accessories\/yangin-kapisi-kollari\" class=\"all-link\">                                            <img decoding=\"async\" src=\"https:\/\/ozcelikcelik.com\/en\/wp-content\/uploads\/2019\/07\/yangin-kapisi-kolu-1-1024x683.jpg\" alt=\"Yang\u0131n Kap\u0131s\u0131 Kollar\u0131\" title=\"Yang\u0131n Kap\u0131s\u0131 Kollar\u0131\" \/>\r\n                                            <\/a>                                        <\/div>\r\n                                    <\/div>\r\n                                                                        <div class=\"at-gallery-item  col-sm-3 col-md-3\">\r\n                                        <div class=\"gallery-inner-item init-animate zoomIn\">\r\n                                            <div class=\"at-bottom-lower\">\r\n                                                <h3>\r\n\t                                                <a href=\"https:\/\/ozcelikcelik.com\/en\/accessories\/panik-barlar\" class=\"all-link\">Panik Barlar<\/a>                                                <\/h3>\r\n                                                                                                    <a class=\"image-gallery-widget\" href=\"https:\/\/ozcelikcelik.com\/en\/wp-content\/uploads\/2021\/04\/panik-barlar.jpg\">\r\n                                                        <i class=\"fa fa-search gallery-button primary-bg\"><\/i>\r\n                                                    <\/a>\r\n\t                                                                                            <\/div>\r\n                                            <div class=\"at-gallery-hover\"><\/div>\r\n\t                                        <a href=\"https:\/\/ozcelikcelik.com\/en\/accessories\/panik-barlar\" class=\"all-link\">                                            <img decoding=\"async\" src=\"https:\/\/ozcelikcelik.com\/en\/wp-content\/uploads\/2021\/04\/panik-barlar-1024x683.jpg\" alt=\"Panik Barlar\" title=\"Panik Barlar\" \/>\r\n                                            <\/a>                                        <\/div>\r\n                                    <\/div>\r\n                                                            <\/div><!--row-->\r\n\t                                    <\/div>\r\n            <\/section>\r\n            <\/div><\/div><\/div><\/div>","protected":false},"excerpt":{"rendered":"<p><a href=\"https:\/\/ozcelikcelik.com\/en\/accessories\" target=\"_top\" rel=\"noopener noreferrer\"><br \/>\nClick here for accessory product groups&#8230;<\/a><\/p>\n","protected":false},"author":1,"featured_media":0,"parent":0,"menu_order":0,"comment_status":"closed","ping_status":"closed","template":"","meta":{"footnotes":""},"class_list":["post-162","page","type-page","status-publish","hentry"],"_links":{"self":[{"href":"https:\/\/ozcelikcelik.com\/en\/wp-json\/wp\/v2\/pages\/162","targetHints":{"allow":["GET"]}}],"collection":[{"href":"https:\/\/ozcelikcelik.com\/en\/wp-json\/wp\/v2\/pages"}],"about":[{"href":"https:\/\/ozcelikcelik.com\/en\/wp-json\/wp\/v2\/types\/page"}],"author":[{"embeddable":true,"href":"https:\/\/ozcelikcelik.com\/en\/wp-json\/wp\/v2\/users\/1"}],"replies":[{"embeddable":true,"href":"https:\/\/ozcelikcelik.com\/en\/wp-json\/wp\/v2\/comments?post=162"}],"version-history":[{"count":5,"href":"https:\/\/ozcelikcelik.com\/en\/wp-json\/wp\/v2\/pages\/162\/revisions"}],"predecessor-version":[{"id":670,"href":"https:\/\/ozcelikcelik.com\/en\/wp-json\/wp\/v2\/pages\/162\/revisions\/670"}],"wp:attachment":[{"href":"https:\/\/ozcelikcelik.com\/en\/wp-json\/wp\/v2\/media?parent=162"}],"curies":[{"name":"wp","href":"https:\/\/api.w.org\/{rel}","templated":true}]}}