{"id":254,"date":"2019-07-10T12:25:59","date_gmt":"2019-07-10T09:25:59","guid":{"rendered":"https:\/\/tasarimlar.dizaynline.com.tr\/tasarimlar\/yanginkapisi02\/?page_id=254"},"modified":"2021-12-17T14:38:36","modified_gmt":"2021-12-17T11:38:36","slug":"products","status":"publish","type":"page","link":"https:\/\/ozcelikcelik.com\/en\/products","title":{"rendered":"Products"},"content":{"rendered":"<div id=\"pl-254\"  class=\"panel-layout\" ><div id=\"pg-254-0\"  class=\"panel-grid panel-has-style\" ><div class=\"panel-row-style panel-row-style-for-254-0\" ><div id=\"pgc-254-0-0\"  class=\"panel-grid-cell\" ><div id=\"panel-254-0-0-0\" class=\"so-panel widget widget_lawyer_zone_team panel-first-child panel-last-child\" data-index=\"0\" >            <section id=\"lawyer_zone_team-2\" class=\"at-widgets acme-teams \">\r\n                <div class=\"container\">\r\n\t                                   <div class=\"row featured-entries-col featured-entries-logo \">\r\n                                                            <div class=\"single-list col-sm-4 col-md-4\">\r\n                                        <div class=\"team-item init-animate zoomIn\">\r\n                                            <div class=\"team-author\">\r\n                                                <div class=\"team-img-box\">\r\n                                                    <a href=\"https:\/\/ozcelikcelik.com\/en\/products\/camli-yangin-kapilari\" class=\"all-link\"><img loading=\"lazy\" decoding=\"async\" width=\"1536\" height=\"1024\" src=\"https:\/\/ozcelikcelik.com\/en\/wp-content\/uploads\/2021\/12\/camli-yangin-kapisi-ana-resim.jpg\" class=\"attachment-full size-full wp-post-image\" alt=\"\" srcset=\"https:\/\/ozcelikcelik.com\/en\/wp-content\/uploads\/2021\/12\/camli-yangin-kapisi-ana-resim.jpg 1536w, https:\/\/ozcelikcelik.com\/en\/wp-content\/uploads\/2021\/12\/camli-yangin-kapisi-ana-resim-300x200.jpg 300w, https:\/\/ozcelikcelik.com\/en\/wp-content\/uploads\/2021\/12\/camli-yangin-kapisi-ana-resim-1024x683.jpg 1024w, https:\/\/ozcelikcelik.com\/en\/wp-content\/uploads\/2021\/12\/camli-yangin-kapisi-ana-resim-768x512.jpg 768w, https:\/\/ozcelikcelik.com\/en\/wp-content\/uploads\/2021\/12\/camli-yangin-kapisi-ana-resim-272x182.jpg 272w\" sizes=\"auto, (max-width: 1536px) 100vw, 1536px\" \/><\/a>                                                <\/div>\r\n                                                <div class=\"team-author-details \">\r\n                                                    <h3 class=\"team-name\">\r\n\t\t                                                <a href=\"https:\/\/ozcelikcelik.com\/en\/products\/camli-yangin-kapilari\" class=\"all-link\">Caml\u0131 Yang\u0131n Kap\u0131lar\u0131<\/a>                                                    <\/h3>\r\n                                                                                                    <\/div>\r\n                                            <\/div>\r\n                                        <\/div>\r\n                                    <\/div>\r\n                                                                        <div class=\"single-list col-sm-4 col-md-4\">\r\n                                        <div class=\"team-item init-animate zoomIn\">\r\n                                            <div class=\"team-author\">\r\n                                                <div class=\"team-img-box\">\r\n                                                    <a href=\"https:\/\/ozcelikcelik.com\/en\/products\/cift-kanat-yangin-kapilari\" class=\"all-link\"><img loading=\"lazy\" decoding=\"async\" width=\"1536\" height=\"1024\" src=\"https:\/\/ozcelikcelik.com\/en\/wp-content\/uploads\/2021\/12\/cift-kanat-yangin-kapisi.jpg\" class=\"attachment-full size-full wp-post-image\" alt=\"\" srcset=\"https:\/\/ozcelikcelik.com\/en\/wp-content\/uploads\/2021\/12\/cift-kanat-yangin-kapisi.jpg 1536w, https:\/\/ozcelikcelik.com\/en\/wp-content\/uploads\/2021\/12\/cift-kanat-yangin-kapisi-300x200.jpg 300w, https:\/\/ozcelikcelik.com\/en\/wp-content\/uploads\/2021\/12\/cift-kanat-yangin-kapisi-1024x683.jpg 1024w, https:\/\/ozcelikcelik.com\/en\/wp-content\/uploads\/2021\/12\/cift-kanat-yangin-kapisi-768x512.jpg 768w, https:\/\/ozcelikcelik.com\/en\/wp-content\/uploads\/2021\/12\/cift-kanat-yangin-kapisi-272x182.jpg 272w\" sizes=\"auto, (max-width: 1536px) 100vw, 1536px\" \/><\/a>                                                <\/div>\r\n                                                <div class=\"team-author-details \">\r\n                                                    <h3 class=\"team-name\">\r\n\t\t                                                <a href=\"https:\/\/ozcelikcelik.com\/en\/products\/cift-kanat-yangin-kapilari\" class=\"all-link\">\u00c7ift Kanat Yang\u0131n Kap\u0131lar\u0131<\/a>                                                    <\/h3>\r\n                                                                                                    <\/div>\r\n                                            <\/div>\r\n                                        <\/div>\r\n                                    <\/div>\r\n                                                                        <div class=\"single-list col-sm-4 col-md-4\">\r\n                                        <div class=\"team-item init-animate zoomIn\">\r\n                                            <div class=\"team-author\">\r\n                                                <div class=\"team-img-box\">\r\n                                                    <a href=\"https:\/\/ozcelikcelik.com\/en\/products\/menefezli-yangin-kapilari\" class=\"all-link\"><img loading=\"lazy\" decoding=\"async\" width=\"1536\" height=\"1024\" src=\"https:\/\/ozcelikcelik.com\/en\/wp-content\/uploads\/2021\/12\/menfezli-yangin-kapisi-2.jpg\" class=\"attachment-full size-full wp-post-image\" alt=\"\" srcset=\"https:\/\/ozcelikcelik.com\/en\/wp-content\/uploads\/2021\/12\/menfezli-yangin-kapisi-2.jpg 1536w, https:\/\/ozcelikcelik.com\/en\/wp-content\/uploads\/2021\/12\/menfezli-yangin-kapisi-2-300x200.jpg 300w, https:\/\/ozcelikcelik.com\/en\/wp-content\/uploads\/2021\/12\/menfezli-yangin-kapisi-2-1024x683.jpg 1024w, https:\/\/ozcelikcelik.com\/en\/wp-content\/uploads\/2021\/12\/menfezli-yangin-kapisi-2-768x512.jpg 768w, https:\/\/ozcelikcelik.com\/en\/wp-content\/uploads\/2021\/12\/menfezli-yangin-kapisi-2-272x182.jpg 272w\" sizes=\"auto, (max-width: 1536px) 100vw, 1536px\" \/><\/a>                                                <\/div>\r\n                                                <div class=\"team-author-details \">\r\n                                                    <h3 class=\"team-name\">\r\n\t\t                                                <a href=\"https:\/\/ozcelikcelik.com\/en\/products\/menefezli-yangin-kapilari\" class=\"all-link\">Menefezli Yang\u0131n Kap\u0131lar\u0131<\/a>                                                    <\/h3>\r\n                                                                                                    <\/div>\r\n                                            <\/div>\r\n                                        <\/div>\r\n                                    <\/div>\r\n                                    <div class='clearfix'><\/div>                                    <div class=\"single-list col-sm-4 col-md-4\">\r\n                                        <div class=\"team-item init-animate zoomIn\">\r\n                                            <div class=\"team-author\">\r\n                                                <div class=\"team-img-box\">\r\n                                                    <a href=\"https:\/\/ozcelikcelik.com\/en\/products\/panik-barlar\" class=\"all-link\"><img loading=\"lazy\" decoding=\"async\" width=\"1920\" height=\"1280\" src=\"https:\/\/ozcelikcelik.com\/en\/wp-content\/uploads\/2021\/04\/panik-barlar-1.jpg\" class=\"attachment-full size-full wp-post-image\" alt=\"\" srcset=\"https:\/\/ozcelikcelik.com\/en\/wp-content\/uploads\/2021\/04\/panik-barlar-1.jpg 1920w, https:\/\/ozcelikcelik.com\/en\/wp-content\/uploads\/2021\/04\/panik-barlar-1-300x200.jpg 300w, https:\/\/ozcelikcelik.com\/en\/wp-content\/uploads\/2021\/04\/panik-barlar-1-1024x683.jpg 1024w, https:\/\/ozcelikcelik.com\/en\/wp-content\/uploads\/2021\/04\/panik-barlar-1-768x512.jpg 768w, https:\/\/ozcelikcelik.com\/en\/wp-content\/uploads\/2021\/04\/panik-barlar-1-1536x1024.jpg 1536w, https:\/\/ozcelikcelik.com\/en\/wp-content\/uploads\/2021\/04\/panik-barlar-1-272x182.jpg 272w\" sizes=\"auto, (max-width: 1920px) 100vw, 1920px\" \/><\/a>                                                <\/div>\r\n                                                <div class=\"team-author-details \">\r\n                                                    <h3 class=\"team-name\">\r\n\t\t                                                <a href=\"https:\/\/ozcelikcelik.com\/en\/products\/panik-barlar\" class=\"all-link\">Panik Barlar<\/a>                                                    <\/h3>\r\n                                                                                                    <\/div>\r\n                                            <\/div>\r\n                                        <\/div>\r\n                                    <\/div>\r\n                                                                        <div class=\"single-list col-sm-4 col-md-4\">\r\n                                        <div class=\"team-item init-animate zoomIn\">\r\n                                            <div class=\"team-author\">\r\n                                                <div class=\"team-img-box\">\r\n                                                    <a href=\"https:\/\/ozcelikcelik.com\/en\/products\/saft-kapagi\" class=\"all-link\"><img loading=\"lazy\" decoding=\"async\" width=\"1920\" height=\"1280\" src=\"https:\/\/ozcelikcelik.com\/en\/wp-content\/uploads\/2021\/04\/saft-kapagi.jpg\" class=\"attachment-full size-full wp-post-image\" alt=\"\" srcset=\"https:\/\/ozcelikcelik.com\/en\/wp-content\/uploads\/2021\/04\/saft-kapagi.jpg 1920w, https:\/\/ozcelikcelik.com\/en\/wp-content\/uploads\/2021\/04\/saft-kapagi-300x200.jpg 300w, https:\/\/ozcelikcelik.com\/en\/wp-content\/uploads\/2021\/04\/saft-kapagi-1024x683.jpg 1024w, https:\/\/ozcelikcelik.com\/en\/wp-content\/uploads\/2021\/04\/saft-kapagi-768x512.jpg 768w, https:\/\/ozcelikcelik.com\/en\/wp-content\/uploads\/2021\/04\/saft-kapagi-1536x1024.jpg 1536w, https:\/\/ozcelikcelik.com\/en\/wp-content\/uploads\/2021\/04\/saft-kapagi-272x182.jpg 272w\" sizes=\"auto, (max-width: 1920px) 100vw, 1920px\" \/><\/a>                                                <\/div>\r\n                                                <div class=\"team-author-details \">\r\n                                                    <h3 class=\"team-name\">\r\n\t\t                                                <a href=\"https:\/\/ozcelikcelik.com\/en\/products\/saft-kapagi\" class=\"all-link\">\u015eaft Kapa\u011f\u0131<\/a>                                                    <\/h3>\r\n                                                                                                    <\/div>\r\n                                            <\/div>\r\n                                        <\/div>\r\n                                    <\/div>\r\n                                                                        <div class=\"single-list col-sm-4 col-md-4\">\r\n                                        <div class=\"team-item init-animate zoomIn\">\r\n                                            <div class=\"team-author\">\r\n                                                <div class=\"team-img-box\">\r\n                                                    <a href=\"https:\/\/ozcelikcelik.com\/en\/products\/yangin-kapilari\" class=\"all-link\"><img loading=\"lazy\" decoding=\"async\" width=\"1920\" height=\"1280\" src=\"https:\/\/ozcelikcelik.com\/en\/wp-content\/uploads\/2021\/04\/yangin-kapisi-b.jpg\" class=\"attachment-full size-full wp-post-image\" alt=\"\" srcset=\"https:\/\/ozcelikcelik.com\/en\/wp-content\/uploads\/2021\/04\/yangin-kapisi-b.jpg 1920w, https:\/\/ozcelikcelik.com\/en\/wp-content\/uploads\/2021\/04\/yangin-kapisi-b-300x200.jpg 300w, https:\/\/ozcelikcelik.com\/en\/wp-content\/uploads\/2021\/04\/yangin-kapisi-b-1024x683.jpg 1024w, https:\/\/ozcelikcelik.com\/en\/wp-content\/uploads\/2021\/04\/yangin-kapisi-b-768x512.jpg 768w, https:\/\/ozcelikcelik.com\/en\/wp-content\/uploads\/2021\/04\/yangin-kapisi-b-1536x1024.jpg 1536w, https:\/\/ozcelikcelik.com\/en\/wp-content\/uploads\/2021\/04\/yangin-kapisi-b-272x182.jpg 272w\" sizes=\"auto, (max-width: 1920px) 100vw, 1920px\" \/><\/a>                                                <\/div>\r\n                                                <div class=\"team-author-details \">\r\n                                                    <h3 class=\"team-name\">\r\n\t\t                                                <a href=\"https:\/\/ozcelikcelik.com\/en\/products\/yangin-kapilari\" class=\"all-link\">Yang\u0131n Kap\u0131lar\u0131<\/a>                                                    <\/h3>\r\n                                                                                                    <\/div>\r\n                                            <\/div>\r\n                                        <\/div>\r\n                                    <\/div>\r\n                                                        <\/div><!--row-->\r\n                <\/div>\r\n            <\/section>\r\n            <\/div><\/div><\/div><\/div><\/div>","protected":false},"excerpt":{"rendered":"<p><a href=\"https:\/\/ozcelikcelik.com\/en\/products\" target=\"_top\" rel=\"noopener noreferrer\">Click here for product groups&#8230;<\/a><\/p>\n","protected":false},"author":1,"featured_media":0,"parent":0,"menu_order":0,"comment_status":"closed","ping_status":"closed","template":"","meta":{"footnotes":""},"class_list":["post-254","page","type-page","status-publish","hentry"],"_links":{"self":[{"href":"https:\/\/ozcelikcelik.com\/en\/wp-json\/wp\/v2\/pages\/254","targetHints":{"allow":["GET"]}}],"collection":[{"href":"https:\/\/ozcelikcelik.com\/en\/wp-json\/wp\/v2\/pages"}],"about":[{"href":"https:\/\/ozcelikcelik.com\/en\/wp-json\/wp\/v2\/types\/page"}],"author":[{"embeddable":true,"href":"https:\/\/ozcelikcelik.com\/en\/wp-json\/wp\/v2\/users\/1"}],"replies":[{"embeddable":true,"href":"https:\/\/ozcelikcelik.com\/en\/wp-json\/wp\/v2\/comments?post=254"}],"version-history":[{"count":18,"href":"https:\/\/ozcelikcelik.com\/en\/wp-json\/wp\/v2\/pages\/254\/revisions"}],"predecessor-version":[{"id":668,"href":"https:\/\/ozcelikcelik.com\/en\/wp-json\/wp\/v2\/pages\/254\/revisions\/668"}],"wp:attachment":[{"href":"https:\/\/ozcelikcelik.com\/en\/wp-json\/wp\/v2\/media?parent=254"}],"curies":[{"name":"wp","href":"https:\/\/api.w.org\/{rel}","templated":true}]}}