{"id":34,"date":"2018-07-16T10:09:45","date_gmt":"2018-07-16T10:09:45","guid":{"rendered":"http:\/\/demo.acmethemes.com\/lawyer-zone\/?page_id=34"},"modified":"2021-12-24T00:30:05","modified_gmt":"2021-12-23T21:30:05","slug":"cift-kanat-yangin-kapilari","status":"publish","type":"page","link":"https:\/\/ozcelikcelik.com\/en\/products\/cift-kanat-yangin-kapilari","title":{"rendered":"\u00c7ift Kanat Yang\u0131n Kap\u0131lar\u0131"},"content":{"rendered":"<div id='gallery-1' class='gallery galleryid-34 gallery-columns-2 gallery-size-large'><figure class='gallery-item'>\n\t\t\t<div class='gallery-icon landscape'>\n\t\t\t\t<a href='https:\/\/ozcelikcelik.com\/en\/wp-content\/uploads\/2021\/04\/cift-kanat-yangin-kapisi-9.jpg'><img loading=\"lazy\" decoding=\"async\" width=\"640\" height=\"427\" src=\"https:\/\/ozcelikcelik.com\/en\/wp-content\/uploads\/2021\/04\/cift-kanat-yangin-kapisi-9-1024x683.jpg\" class=\"attachment-large size-large\" alt=\"\" srcset=\"https:\/\/ozcelikcelik.com\/en\/wp-content\/uploads\/2021\/04\/cift-kanat-yangin-kapisi-9-1024x683.jpg 1024w, https:\/\/ozcelikcelik.com\/en\/wp-content\/uploads\/2021\/04\/cift-kanat-yangin-kapisi-9-300x200.jpg 300w, https:\/\/ozcelikcelik.com\/en\/wp-content\/uploads\/2021\/04\/cift-kanat-yangin-kapisi-9-768x512.jpg 768w, https:\/\/ozcelikcelik.com\/en\/wp-content\/uploads\/2021\/04\/cift-kanat-yangin-kapisi-9-1536x1024.jpg 1536w, https:\/\/ozcelikcelik.com\/en\/wp-content\/uploads\/2021\/04\/cift-kanat-yangin-kapisi-9-272x182.jpg 272w, https:\/\/ozcelikcelik.com\/en\/wp-content\/uploads\/2021\/04\/cift-kanat-yangin-kapisi-9.jpg 1920w\" sizes=\"auto, (max-width: 640px) 100vw, 640px\" \/><\/a>\n\t\t\t<\/div><\/figure><figure class='gallery-item'>\n\t\t\t<div class='gallery-icon landscape'>\n\t\t\t\t<a href='https:\/\/ozcelikcelik.com\/en\/wp-content\/uploads\/2021\/04\/cift-kanat-yangin-kapisi-10.jpg'><img loading=\"lazy\" decoding=\"async\" width=\"640\" height=\"427\" src=\"https:\/\/ozcelikcelik.com\/en\/wp-content\/uploads\/2021\/04\/cift-kanat-yangin-kapisi-10-1024x683.jpg\" class=\"attachment-large size-large\" alt=\"\" srcset=\"https:\/\/ozcelikcelik.com\/en\/wp-content\/uploads\/2021\/04\/cift-kanat-yangin-kapisi-10-1024x683.jpg 1024w, https:\/\/ozcelikcelik.com\/en\/wp-content\/uploads\/2021\/04\/cift-kanat-yangin-kapisi-10-300x200.jpg 300w, https:\/\/ozcelikcelik.com\/en\/wp-content\/uploads\/2021\/04\/cift-kanat-yangin-kapisi-10-768x512.jpg 768w, https:\/\/ozcelikcelik.com\/en\/wp-content\/uploads\/2021\/04\/cift-kanat-yangin-kapisi-10-1536x1024.jpg 1536w, https:\/\/ozcelikcelik.com\/en\/wp-content\/uploads\/2021\/04\/cift-kanat-yangin-kapisi-10-272x182.jpg 272w, https:\/\/ozcelikcelik.com\/en\/wp-content\/uploads\/2021\/04\/cift-kanat-yangin-kapisi-10.jpg 1920w\" sizes=\"auto, (max-width: 640px) 100vw, 640px\" \/><\/a>\n\t\t\t<\/div><\/figure><figure class='gallery-item'>\n\t\t\t<div class='gallery-icon landscape'>\n\t\t\t\t<a href='https:\/\/ozcelikcelik.com\/en\/wp-content\/uploads\/2021\/04\/cift-kanat-yangin-kapisi-11.jpg'><img loading=\"lazy\" decoding=\"async\" width=\"640\" height=\"427\" src=\"https:\/\/ozcelikcelik.com\/en\/wp-content\/uploads\/2021\/04\/cift-kanat-yangin-kapisi-11-1024x683.jpg\" class=\"attachment-large size-large\" alt=\"\" srcset=\"https:\/\/ozcelikcelik.com\/en\/wp-content\/uploads\/2021\/04\/cift-kanat-yangin-kapisi-11-1024x683.jpg 1024w, https:\/\/ozcelikcelik.com\/en\/wp-content\/uploads\/2021\/04\/cift-kanat-yangin-kapisi-11-300x200.jpg 300w, https:\/\/ozcelikcelik.com\/en\/wp-content\/uploads\/2021\/04\/cift-kanat-yangin-kapisi-11-768x512.jpg 768w, https:\/\/ozcelikcelik.com\/en\/wp-content\/uploads\/2021\/04\/cift-kanat-yangin-kapisi-11-1536x1024.jpg 1536w, https:\/\/ozcelikcelik.com\/en\/wp-content\/uploads\/2021\/04\/cift-kanat-yangin-kapisi-11-272x182.jpg 272w, https:\/\/ozcelikcelik.com\/en\/wp-content\/uploads\/2021\/04\/cift-kanat-yangin-kapisi-11.jpg 1920w\" sizes=\"auto, (max-width: 640px) 100vw, 640px\" \/><\/a>\n\t\t\t<\/div><\/figure><figure class='gallery-item'>\n\t\t\t<div class='gallery-icon landscape'>\n\t\t\t\t<a href='https:\/\/ozcelikcelik.com\/en\/wp-content\/uploads\/2021\/04\/cift-kanat-yangin-kapisi-12.jpg'><img loading=\"lazy\" decoding=\"async\" width=\"640\" height=\"427\" src=\"https:\/\/ozcelikcelik.com\/en\/wp-content\/uploads\/2021\/04\/cift-kanat-yangin-kapisi-12-1024x683.jpg\" class=\"attachment-large size-large\" alt=\"\" srcset=\"https:\/\/ozcelikcelik.com\/en\/wp-content\/uploads\/2021\/04\/cift-kanat-yangin-kapisi-12-1024x683.jpg 1024w, https:\/\/ozcelikcelik.com\/en\/wp-content\/uploads\/2021\/04\/cift-kanat-yangin-kapisi-12-300x200.jpg 300w, https:\/\/ozcelikcelik.com\/en\/wp-content\/uploads\/2021\/04\/cift-kanat-yangin-kapisi-12-768x512.jpg 768w, https:\/\/ozcelikcelik.com\/en\/wp-content\/uploads\/2021\/04\/cift-kanat-yangin-kapisi-12-1536x1024.jpg 1536w, https:\/\/ozcelikcelik.com\/en\/wp-content\/uploads\/2021\/04\/cift-kanat-yangin-kapisi-12-272x182.jpg 272w, https:\/\/ozcelikcelik.com\/en\/wp-content\/uploads\/2021\/04\/cift-kanat-yangin-kapisi-12.jpg 1920w\" sizes=\"auto, (max-width: 640px) 100vw, 640px\" \/><\/a>\n\t\t\t<\/div><\/figure>\n\t\t<\/div>\n\n<div id='gallery-2' class='gallery galleryid-34 gallery-columns-4 gallery-size-large'><figure class='gallery-item'>\n\t\t\t<div class='gallery-icon portrait'>\n\t\t\t\t<a href='https:\/\/ozcelikcelik.com\/en\/wp-content\/uploads\/2021\/04\/cift-kanat-yangin-kapisi-7.jpg'><img loading=\"lazy\" decoding=\"async\" width=\"600\" height=\"850\" src=\"https:\/\/ozcelikcelik.com\/en\/wp-content\/uploads\/2021\/04\/cift-kanat-yangin-kapisi-7.jpg\" class=\"attachment-large size-large\" alt=\"\" srcset=\"https:\/\/ozcelikcelik.com\/en\/wp-content\/uploads\/2021\/04\/cift-kanat-yangin-kapisi-7.jpg 600w, https:\/\/ozcelikcelik.com\/en\/wp-content\/uploads\/2021\/04\/cift-kanat-yangin-kapisi-7-212x300.jpg 212w\" sizes=\"auto, (max-width: 600px) 100vw, 600px\" \/><\/a>\n\t\t\t<\/div><\/figure><figure class='gallery-item'>\n\t\t\t<div class='gallery-icon portrait'>\n\t\t\t\t<a href='https:\/\/ozcelikcelik.com\/en\/wp-content\/uploads\/2021\/04\/cift-kanat-yangin-kapisi-8.jpg'><img loading=\"lazy\" decoding=\"async\" width=\"600\" height=\"850\" src=\"https:\/\/ozcelikcelik.com\/en\/wp-content\/uploads\/2021\/04\/cift-kanat-yangin-kapisi-8.jpg\" class=\"attachment-large size-large\" alt=\"\" srcset=\"https:\/\/ozcelikcelik.com\/en\/wp-content\/uploads\/2021\/04\/cift-kanat-yangin-kapisi-8.jpg 600w, https:\/\/ozcelikcelik.com\/en\/wp-content\/uploads\/2021\/04\/cift-kanat-yangin-kapisi-8-212x300.jpg 212w\" sizes=\"auto, (max-width: 600px) 100vw, 600px\" \/><\/a>\n\t\t\t<\/div><\/figure><figure class='gallery-item'>\n\t\t\t<div class='gallery-icon portrait'>\n\t\t\t\t<a href='https:\/\/ozcelikcelik.com\/en\/wp-content\/uploads\/2021\/04\/cift-kanat-yangin-kapisi-1.jpg'><img loading=\"lazy\" decoding=\"async\" width=\"600\" height=\"850\" src=\"https:\/\/ozcelikcelik.com\/en\/wp-content\/uploads\/2021\/04\/cift-kanat-yangin-kapisi-1.jpg\" class=\"attachment-large size-large\" alt=\"\" srcset=\"https:\/\/ozcelikcelik.com\/en\/wp-content\/uploads\/2021\/04\/cift-kanat-yangin-kapisi-1.jpg 600w, https:\/\/ozcelikcelik.com\/en\/wp-content\/uploads\/2021\/04\/cift-kanat-yangin-kapisi-1-212x300.jpg 212w\" sizes=\"auto, (max-width: 600px) 100vw, 600px\" \/><\/a>\n\t\t\t<\/div><\/figure><figure class='gallery-item'>\n\t\t\t<div class='gallery-icon portrait'>\n\t\t\t\t<a href='https:\/\/ozcelikcelik.com\/en\/wp-content\/uploads\/2021\/04\/cift-kanat-yangin-kapisi-2.jpg'><img loading=\"lazy\" decoding=\"async\" width=\"600\" height=\"850\" src=\"https:\/\/ozcelikcelik.com\/en\/wp-content\/uploads\/2021\/04\/cift-kanat-yangin-kapisi-2.jpg\" class=\"attachment-large size-large\" alt=\"\" srcset=\"https:\/\/ozcelikcelik.com\/en\/wp-content\/uploads\/2021\/04\/cift-kanat-yangin-kapisi-2.jpg 600w, https:\/\/ozcelikcelik.com\/en\/wp-content\/uploads\/2021\/04\/cift-kanat-yangin-kapisi-2-212x300.jpg 212w\" sizes=\"auto, (max-width: 600px) 100vw, 600px\" \/><\/a>\n\t\t\t<\/div><\/figure><figure class='gallery-item'>\n\t\t\t<div class='gallery-icon portrait'>\n\t\t\t\t<a href='https:\/\/ozcelikcelik.com\/en\/wp-content\/uploads\/2021\/04\/cift-kanat-yangin-kapisi-3.jpg'><img loading=\"lazy\" decoding=\"async\" width=\"600\" height=\"850\" src=\"https:\/\/ozcelikcelik.com\/en\/wp-content\/uploads\/2021\/04\/cift-kanat-yangin-kapisi-3.jpg\" class=\"attachment-large size-large\" alt=\"\" srcset=\"https:\/\/ozcelikcelik.com\/en\/wp-content\/uploads\/2021\/04\/cift-kanat-yangin-kapisi-3.jpg 600w, https:\/\/ozcelikcelik.com\/en\/wp-content\/uploads\/2021\/04\/cift-kanat-yangin-kapisi-3-212x300.jpg 212w\" sizes=\"auto, (max-width: 600px) 100vw, 600px\" \/><\/a>\n\t\t\t<\/div><\/figure><figure class='gallery-item'>\n\t\t\t<div class='gallery-icon portrait'>\n\t\t\t\t<a href='https:\/\/ozcelikcelik.com\/en\/wp-content\/uploads\/2021\/04\/cift-kanat-yangin-kapisi-4.jpg'><img loading=\"lazy\" decoding=\"async\" width=\"600\" height=\"850\" src=\"https:\/\/ozcelikcelik.com\/en\/wp-content\/uploads\/2021\/04\/cift-kanat-yangin-kapisi-4.jpg\" class=\"attachment-large size-large\" alt=\"\" srcset=\"https:\/\/ozcelikcelik.com\/en\/wp-content\/uploads\/2021\/04\/cift-kanat-yangin-kapisi-4.jpg 600w, https:\/\/ozcelikcelik.com\/en\/wp-content\/uploads\/2021\/04\/cift-kanat-yangin-kapisi-4-212x300.jpg 212w\" sizes=\"auto, (max-width: 600px) 100vw, 600px\" \/><\/a>\n\t\t\t<\/div><\/figure><figure class='gallery-item'>\n\t\t\t<div class='gallery-icon portrait'>\n\t\t\t\t<a href='https:\/\/ozcelikcelik.com\/en\/wp-content\/uploads\/2021\/04\/cift-kanat-yangin-kapisi-5.jpg'><img loading=\"lazy\" decoding=\"async\" width=\"600\" height=\"850\" src=\"https:\/\/ozcelikcelik.com\/en\/wp-content\/uploads\/2021\/04\/cift-kanat-yangin-kapisi-5.jpg\" class=\"attachment-large size-large\" alt=\"\" srcset=\"https:\/\/ozcelikcelik.com\/en\/wp-content\/uploads\/2021\/04\/cift-kanat-yangin-kapisi-5.jpg 600w, https:\/\/ozcelikcelik.com\/en\/wp-content\/uploads\/2021\/04\/cift-kanat-yangin-kapisi-5-212x300.jpg 212w\" sizes=\"auto, (max-width: 600px) 100vw, 600px\" \/><\/a>\n\t\t\t<\/div><\/figure><figure class='gallery-item'>\n\t\t\t<div class='gallery-icon portrait'>\n\t\t\t\t<a href='https:\/\/ozcelikcelik.com\/en\/wp-content\/uploads\/2021\/04\/cift-kanat-yangin-kapisi-6.jpg'><img loading=\"lazy\" decoding=\"async\" width=\"600\" height=\"850\" src=\"https:\/\/ozcelikcelik.com\/en\/wp-content\/uploads\/2021\/04\/cift-kanat-yangin-kapisi-6.jpg\" class=\"attachment-large size-large\" alt=\"\" srcset=\"https:\/\/ozcelikcelik.com\/en\/wp-content\/uploads\/2021\/04\/cift-kanat-yangin-kapisi-6.jpg 600w, https:\/\/ozcelikcelik.com\/en\/wp-content\/uploads\/2021\/04\/cift-kanat-yangin-kapisi-6-212x300.jpg 212w\" sizes=\"auto, (max-width: 600px) 100vw, 600px\" \/><\/a>\n\t\t\t<\/div><\/figure>\n\t\t<\/div>\n\n<p><strong>\u00c7\u0130FT KANAT YANGIN KAPISI<\/strong><br \/>\n\u00c7ift kanat yang\u0131n kap\u0131lar\u0131m\u0131z Dkp veya Galvaniz sac \u00fczerine epoksi polyester toz f\u0131r\u0131n boyal\u0131 olarak \u00fcretilmektedir. Kap\u0131 kasalar\u0131 1,5mm veya 2mm sacdan yar\u0131m veya tam(ayarl\u0131) kasa olarak \u00fcretilmektedir. M\u00fc\u015fteri tercihine g\u00f6re opsiyonel olarak duvar kal\u0131nl\u0131\u011f\u0131na uygun ayarl\u0131 kasal\u0131 olarak da \u00fcretilmektedir. Kap\u0131 kanad\u0131 1.2 mm Dkp sacdan \u00fcretilmekte ve kanat kenarlar\u0131nda sac b\u00fck\u00fcm profiller ile kanat desteklenmektedir. Kap\u0131larda panik bar kullan\u0131lmaktad\u0131r.<\/p>\n<p><strong>YANGIN KAPISI DETAY<\/strong><br \/>\nS\u0131n\u0131f\u0131 F30-60- 90 \u2013 F 120 \/\/ TS EN 13501-2+A1 \/\/ TS-EN 1634-1<br \/>\nKap\u0131 kasas\u0131 1.5mm \/\/ 2mm Dkp veya Galvaniz Sac<br \/>\nKap\u0131 kanad\u0131 1mm\/\/1.5 mm Dkp veya Galvaniz Sac<br \/>\nKal\u0131nl\u0131k 60mm (\u0130stek \u00fczerine kal\u0131nl\u0131k artabilir \u2013 eksilebilir)<br \/>\nKasa tipi Yar\u0131m (Korner Kasa ) veya Ayarl\u0131 Tam kasa<br \/>\nMente\u015fe 2 Adet ( Bir adedi Yayl\u0131)<br \/>\nAksesuarlar Panik bar (Opsiyoneldir.\u0130ste\u011fe g\u00f6re belirlenir.)<br \/>\nFitil 14*15 mm TPV-ge\u00e7meli yap\u0131da siyah<br \/>\nBoya Epoksi Polyester Toz F\u0131r\u0131n Boya<br \/>\nRenkler Ral kodundaki t\u00fcm renkler \/\/ Ah\u015fap Desen (opsiyonel)<br \/>\nOpsiyonel D\u0131\u015f kol (kilitli veya kilitsiz), Hidrolik, Yang\u0131n Dayan\u0131ml\u0131 Cam, Tekmelik, Elektromanyetik Kap\u0131 Tutucu, Giyotin,S\u0131cak contal\u0131 Fitil<br \/>\n\u00d6l\u00e7\u00fcler EN :120-130-140-150-160-170-180-190-200-210-220-230-240-250-260-270-280-300cm<br \/>\nBOY:200-210-220-230-240-250-300cm<br \/>\nNot:<br \/>\n\u2022 Ayarl\u0131 kasal\u0131 kap\u0131larda duvar kal\u0131nl\u0131\u011f\u0131 (derinlik) kesinlikle belirtilmelidir.<br \/>\n\u2022 Kasan\u0131n duvara basmas\u0131 i\u00e7in her iki kenarda da minimum 6 cm di\u015f olmas\u0131 gerekmektedir. D\u00fcz duvarlarda profil (40x40x1,5mm) ile di\u015f olu\u015fturulmas\u0131 gerekir.<br \/>\n\u2022 Ayarl\u0131 kasal\u0131 kap\u0131larda her iki yan duvar ve lentonun ayn\u0131 kal\u0131nl\u0131kta olmas\u0131 gerekir. Farkl\u0131 kal\u0131nl\u0131k montaj yap\u0131lmas\u0131n\u0131 engeller.<br \/>\n\u2022 Kap\u0131 a\u00e7\u0131l\u0131\u015f y\u00f6nleri i\u00e7eriden iterek (panik bar taraf\u0131ndan ka\u00e7\u0131\u015f y\u00f6n\u00fcne) kap\u0131n\u0131n hangi y\u00f6nde a\u00e7\u0131laca\u011f\u0131n\u0131 g\u00f6sterir. Montaj s\u0131ras\u0131nda kap\u0131n\u0131n y\u00f6n\u00fc de\u011fi\u015ftirilemez.<\/p>\n","protected":false},"excerpt":{"rendered":"<p>Yapt\u0131\u011f\u0131m\u0131z i\u015fin kalitesinden, m\u00fc\u015fteri odakl\u0131l\u0131\u011f\u0131m\u0131zdan, g\u00fcvenilirli\u011fimizden ve olu\u015fturmu\u015f oldu\u011fumuz hakkaniyet felsefelerinden \u00f6d\u00fcn vermeden \u00e7al\u0131\u015fmalar yapmak, yapt\u0131\u011f\u0131m\u0131z \u00e7al\u0131\u015fmalar\u0131 i\u00e7 ve di\u015f m\u00fc\u015fterilerimizle payla\u015fmak misyonumuzdur.<\/p>\n","protected":false},"author":1,"featured_media":686,"parent":254,"menu_order":0,"comment_status":"closed","ping_status":"closed","template":"","meta":{"footnotes":""},"class_list":["post-34","page","type-page","status-publish","has-post-thumbnail","hentry"],"_links":{"self":[{"href":"https:\/\/ozcelikcelik.com\/en\/wp-json\/wp\/v2\/pages\/34","targetHints":{"allow":["GET"]}}],"collection":[{"href":"https:\/\/ozcelikcelik.com\/en\/wp-json\/wp\/v2\/pages"}],"about":[{"href":"https:\/\/ozcelikcelik.com\/en\/wp-json\/wp\/v2\/types\/page"}],"author":[{"embeddable":true,"href":"https:\/\/ozcelikcelik.com\/en\/wp-json\/wp\/v2\/users\/1"}],"replies":[{"embeddable":true,"href":"https:\/\/ozcelikcelik.com\/en\/wp-json\/wp\/v2\/comments?post=34"}],"version-history":[{"count":4,"href":"https:\/\/ozcelikcelik.com\/en\/wp-json\/wp\/v2\/pages\/34\/revisions"}],"predecessor-version":[{"id":597,"href":"https:\/\/ozcelikcelik.com\/en\/wp-json\/wp\/v2\/pages\/34\/revisions\/597"}],"up":[{"embeddable":true,"href":"https:\/\/ozcelikcelik.com\/en\/wp-json\/wp\/v2\/pages\/254"}],"wp:featuredmedia":[{"embeddable":true,"href":"https:\/\/ozcelikcelik.com\/en\/wp-json\/wp\/v2\/media\/686"}],"wp:attachment":[{"href":"https:\/\/ozcelikcelik.com\/en\/wp-json\/wp\/v2\/media?parent=34"}],"curies":[{"name":"wp","href":"https:\/\/api.w.org\/{rel}","templated":true}]}}