{"id":44,"date":"2018-07-16T10:13:17","date_gmt":"2018-07-16T10:13:17","guid":{"rendered":"http:\/\/demo.acmethemes.com\/lawyer-zone\/?page_id=44"},"modified":"2021-04-01T14:23:27","modified_gmt":"2021-04-01T11:23:27","slug":"panik-barlar","status":"publish","type":"page","link":"https:\/\/ozcelikcelik.com\/en\/products\/panik-barlar","title":{"rendered":"Panik Barlar"},"content":{"rendered":"<p>Yapt\u0131\u011f\u0131m\u0131z i\u015fin kalitesinden, m\u00fc\u015fteri odakl\u0131l\u0131\u011f\u0131m\u0131zdan, g\u00fcvenilirli\u011fimizden ve olu\u015fturmu\u015f oldu\u011fumuz hakkaniyet felsefelerinden \u00f6d\u00fcn vermeden \u00e7al\u0131\u015fmalar yapmak, yapt\u0131\u011f\u0131m\u0131z \u00e7al\u0131\u015fmalar\u0131 i\u00e7 ve di\u015f m\u00fc\u015fterilerimizle payla\u015fmak misyonumuzdur.<\/p>\n<p>Sekt\u00f6rde ortaya koymu\u015f oldu\u011fumuz g\u00fcvenirlili\u011fi ve geli\u015fmeye a\u00e7\u0131k olan yap\u0131m\u0131zla, i\u00e7 ve di\u015f m\u00fc\u015fterilerimizin memnuniyetini s\u00fcrekli geli\u015ftirerek reel b\u00fcy\u00fcme h\u0131z\u0131yla yap\u0131lanarak kurumsal devaml\u0131l\u0131\u011f\u0131m\u0131z\u0131 sa\u011flamak vizyonumuzdur.<\/p>\n<p>Kalite y\u00f6netim sistemimiz paralelinde i\u015f s\u00fcre\u00e7lerimizi s\u00fcrekli geli\u015ftirerek, hata oranlar\u0131m\u0131z\u0131 d\u00fc\u015f\u00fcrmek, uygulama ve sonras\u0131 teknik hizmetlerimizi m\u00fc\u015fterilerimizin beklentileri do\u011frultusunda harekete ge\u00e7irmek kalite politikam\u0131zd\u0131r.<\/p>\n","protected":false},"excerpt":{"rendered":"<p>Kalite y\u00f6netim sistemimiz paralelinde i\u015f s\u00fcre\u00e7lerimizi s\u00fcrekli geli\u015ftirerek, hata oranlar\u0131m\u0131z\u0131 d\u00fc\u015f\u00fcrmek, uygulama ve sonras\u0131 teknik hizmetlerimizi m\u00fc\u015fterilerimizin beklentileri do\u011frultusunda harekete ge\u00e7irmek kalite politikam\u0131zd\u0131r.<\/p>\n","protected":false},"author":1,"featured_media":555,"parent":254,"menu_order":0,"comment_status":"closed","ping_status":"closed","template":"","meta":{"footnotes":""},"class_list":["post-44","page","type-page","status-publish","has-post-thumbnail","hentry"],"_links":{"self":[{"href":"https:\/\/ozcelikcelik.com\/en\/wp-json\/wp\/v2\/pages\/44","targetHints":{"allow":["GET"]}}],"collection":[{"href":"https:\/\/ozcelikcelik.com\/en\/wp-json\/wp\/v2\/pages"}],"about":[{"href":"https:\/\/ozcelikcelik.com\/en\/wp-json\/wp\/v2\/types\/page"}],"author":[{"embeddable":true,"href":"https:\/\/ozcelikcelik.com\/en\/wp-json\/wp\/v2\/users\/1"}],"replies":[{"embeddable":true,"href":"https:\/\/ozcelikcelik.com\/en\/wp-json\/wp\/v2\/comments?post=44"}],"version-history":[{"count":1,"href":"https:\/\/ozcelikcelik.com\/en\/wp-json\/wp\/v2\/pages\/44\/revisions"}],"predecessor-version":[{"id":556,"href":"https:\/\/ozcelikcelik.com\/en\/wp-json\/wp\/v2\/pages\/44\/revisions\/556"}],"up":[{"embeddable":true,"href":"https:\/\/ozcelikcelik.com\/en\/wp-json\/wp\/v2\/pages\/254"}],"wp:featuredmedia":[{"embeddable":true,"href":"https:\/\/ozcelikcelik.com\/en\/wp-json\/wp\/v2\/media\/555"}],"wp:attachment":[{"href":"https:\/\/ozcelikcelik.com\/en\/wp-json\/wp\/v2\/media?parent=44"}],"curies":[{"name":"wp","href":"https:\/\/api.w.org\/{rel}","templated":true}]}}