{"id":46,"date":"2018-07-16T10:14:10","date_gmt":"2018-07-16T10:14:10","guid":{"rendered":"http:\/\/demo.acmethemes.com\/lawyer-zone\/?page_id=46"},"modified":"2021-04-01T14:43:41","modified_gmt":"2021-04-01T11:43:41","slug":"saft-kapagi","status":"publish","type":"page","link":"https:\/\/ozcelikcelik.com\/en\/products\/saft-kapagi","title":{"rendered":"\u015eaft Kapa\u011f\u0131"},"content":{"rendered":"<p><strong>\u015eAFT KAPA\u011eI \u00d6ZELL\u0130KLER\u0130<\/strong><br \/>\no \u015eaft Kapak lar\u0131m\u0131z\u0131n kanat kal\u0131nl\u0131\u011f\u0131 60 mm dir.<br \/>\no \u015eaft Kapak lar\u0131m\u0131z\u0131n i\u00e7inde \u00f6zel Z takviye(ler) mevcuttur.<br \/>\no \u015eaft Kapak lar\u0131m\u0131z\u0131n 60 mm kal\u0131nl\u0131\u011f\u0131nda \u00f6zel \u0131s\u0131 yal\u0131t\u0131m malzemesi mevcuttur.<br \/>\no \u015eaft Kapak lar\u0131m\u0131z\u0131n c\u0131vata ba\u011flant\u0131l\u0131 pimli \u00e7ift mente\u015fe vard\u0131r.<br \/>\no \u015eaft Kapak lar\u0131m\u0131z\u0131n kenar binileri ezmeli ve puntal\u0131 yap\u0131dad\u0131r.<br \/>\no \u015eaft Kapak lar\u0131m\u0131z\u0131n alt\u0131 puntal\u0131 yap\u0131da \u00f6zel sigma ( ) ku\u015fakl\u0131d\u0131r,<br \/>\no \u015eaft Kapak lar\u0131m\u0131z\u0131n kasalar\u0131 corner yap\u0131s\u0131ndad\u0131r.<br \/>\no \u015eaft Kapak lar\u0131m\u0131z lastik fitil yuval\u0131d\u0131r.<br \/>\no \u015eaft Kapak lar\u0131m\u0131z kendinden pervazl\u0131d\u0131r (4 cm basar pervaz)<br \/>\no \u015eaft Kapak lar\u0131m\u0131z\u0131n kasalar\u0131 1.5 mm DKP sactan mamuldur.<br \/>\no \u015eaft Kapak lar\u0131m\u0131z\u0131n so\u011fuk hava lasti\u011fi mevcuttur.<br \/>\no \u015eaft Kapak lar\u0131m\u0131z\u0131n \u015fi\u015fen s\u0131cak duman contas\u0131 iste\u011fe ba\u011fl\u0131d\u0131r.<br \/>\no \u015eaft Kapak lar\u0131m\u0131za istenilen kilit veya kapama sistemi uygulanabilinir.<br \/>\no \u015eaft Kapak lar\u0131m\u0131z d\u00fcbel veya kaynak ile montajlan\u0131r.<\/p>\n<p>NOT:\u015eAFT KAPAKLARIMIZIN KANATLARI YAPISAL OLARAK* YANGIN KANATLARIMIZLA<br \/>\nB\u0130REB\u0130R AYNIDIR (*KANAT KALINLI\u011eI,SAC KALINLI\u011eI,YALITIM MALZEMES\u0130,\u0130MALAT \u015eEKL\u0130)<br \/>\nSADECE MENTE\u015eE FARKLILI\u011eI VARDIR<\/p>\n","protected":false},"excerpt":{"rendered":"<p>Sekt\u00f6rde ortaya koymu\u015f oldu\u011fumuz g\u00fcvenirlili\u011fi ve geli\u015fmeye a\u00e7\u0131k olan yap\u0131m\u0131zla, i\u00e7 ve di\u015f m\u00fc\u015fterilerimizin memnuniyetini s\u00fcrekli geli\u015ftirerek reel b\u00fcy\u00fcme h\u0131z\u0131yla yap\u0131lanarak kurumsal devaml\u0131l\u0131\u011f\u0131m\u0131z\u0131 sa\u011flamak vizyonumuzdur.<\/p>\n","protected":false},"author":1,"featured_media":557,"parent":254,"menu_order":0,"comment_status":"closed","ping_status":"closed","template":"","meta":{"footnotes":""},"class_list":["post-46","page","type-page","status-publish","has-post-thumbnail","hentry"],"_links":{"self":[{"href":"https:\/\/ozcelikcelik.com\/en\/wp-json\/wp\/v2\/pages\/46","targetHints":{"allow":["GET"]}}],"collection":[{"href":"https:\/\/ozcelikcelik.com\/en\/wp-json\/wp\/v2\/pages"}],"about":[{"href":"https:\/\/ozcelikcelik.com\/en\/wp-json\/wp\/v2\/types\/page"}],"author":[{"embeddable":true,"href":"https:\/\/ozcelikcelik.com\/en\/wp-json\/wp\/v2\/users\/1"}],"replies":[{"embeddable":true,"href":"https:\/\/ozcelikcelik.com\/en\/wp-json\/wp\/v2\/comments?post=46"}],"version-history":[{"count":2,"href":"https:\/\/ozcelikcelik.com\/en\/wp-json\/wp\/v2\/pages\/46\/revisions"}],"predecessor-version":[{"id":598,"href":"https:\/\/ozcelikcelik.com\/en\/wp-json\/wp\/v2\/pages\/46\/revisions\/598"}],"up":[{"embeddable":true,"href":"https:\/\/ozcelikcelik.com\/en\/wp-json\/wp\/v2\/pages\/254"}],"wp:featuredmedia":[{"embeddable":true,"href":"https:\/\/ozcelikcelik.com\/en\/wp-json\/wp\/v2\/media\/557"}],"wp:attachment":[{"href":"https:\/\/ozcelikcelik.com\/en\/wp-json\/wp\/v2\/media?parent=46"}],"curies":[{"name":"wp","href":"https:\/\/api.w.org\/{rel}","templated":true}]}}